{"id":510,"date":"2025-12-16T12:57:21","date_gmt":"2025-12-16T11:57:21","guid":{"rendered":"https:\/\/eternel.at\/?post_type=product&#038;p=510"},"modified":"2026-04-14T10:45:55","modified_gmt":"2026-04-14T08:45:55","slug":"gesichtselixier-huile-precieuse-15-ml","status":"publish","type":"product","link":"https:\/\/eternel.at\/?product=gesichtselixier-huile-precieuse-15-ml","title":{"rendered":"Gesichtselixier \u201eHuile Precieuse\u201c 15 ml"},"content":{"rendered":"<p data-start=\"715\" data-end=\"1063\">Das Gesichtselixier <strong data-start=\"739\" data-end=\"760\">\u201eHuile Pr\u00e9cieuse\u201c<\/strong> ist eine luxuri\u00f6se, hochkonzentrierte Komposition aus edlen, kaltgepressten \u00d6len, die sich in ihrer Wirkung optimal erg\u00e4nzen. Argan\u00f6l, Kaktusfeigenkern\u00f6l und Aprikosenkern\u00f6l versorgen die Haut intensiv mit N\u00e4hrstoffen, wirken antioxidativ und unterst\u00fctzen die nat\u00fcrliche Zellerneuerung.<\/p>\n<p data-start=\"1065\" data-end=\"1314\">Die feine \u00d6ltextur sch\u00fctzt die Haut vor sch\u00e4digenden Umwelteinfl\u00fcssen, verbessert sichtbar die Hautstruktur und beugt vorzeitiger Hautalterung vor. Orientalisches Jasmin\u00f6l verleiht dem Teint eine frische Ausstrahlung und wirkt hautregenerierend.<\/p>\n<p data-start=\"1316\" data-end=\"1524\">Das Elixier eignet sich sowohl als <strong data-start=\"1351\" data-end=\"1371\">alleinige Pflege<\/strong> f\u00fcr gestresste Haut als auch als <strong data-start=\"1405\" data-end=\"1433\">hochwertige Zusatzpflege<\/strong> f\u00fcr trockene und reife Haut. Die Haut wirkt gen\u00e4hrt, ausgeglichen und nat\u00fcrlich strahlend.<\/p>\n<p data-start=\"1526\" data-end=\"1743\"><strong data-start=\"1526\" data-end=\"1540\">Anwendung:<\/strong><br data-start=\"1540\" data-end=\"1543\" \/>\u2013 Als alleinige Pflege: Nach der Reinigung und dem Rosenwasser 2 Tropfen sanft in die Haut einmassieren.<br data-start=\"1647\" data-end=\"1650\" \/>\u2013 Als Zusatzpflege: 2 Tropfen zur \u00e9ternel Gesichtscreme hinzuf\u00fcgen und wie gewohnt auftragen.<\/p>\n","protected":false},"excerpt":{"rendered":"<p>Das Gesichtselixier <em data-start=\"332\" data-end=\"349\">Huile Pr\u00e9cieuse<\/em> ist eine hochkonzentrierte Pflege aus wertvollen \u00d6len wie Argan-, Kaktusfeigenkern- und Aprikosenkern\u00f6l. Es unterst\u00fctzt die Zellerneuerung, sch\u00fctzt vor Umwelteinfl\u00fcssen und verleiht der Haut neue Strahlkraft. Ideal als alleinige Pflege oder als intensive Zusatzpflege f\u00fcr trockene, reife und gestresste Haut.<\/p>\n","protected":false},"featured_media":511,"comment_status":"open","ping_status":"closed","template":"","meta":[],"product_brand":[],"product_cat":[100,99,39],"product_tag":[],"class_list":{"0":"post-510","1":"product","2":"type-product","3":"status-publish","4":"has-post-thumbnail","6":"product_cat-elixirs","7":"product_cat-gesicht","8":"product_cat-koerper","10":"first","11":"instock","12":"taxable","13":"shipping-taxable","14":"purchasable","15":"product-type-simple"},"_links":{"self":[{"href":"https:\/\/eternel.at\/index.php?rest_route=\/wp\/v2\/product\/510","targetHints":{"allow":["GET"]}}],"collection":[{"href":"https:\/\/eternel.at\/index.php?rest_route=\/wp\/v2\/product"}],"about":[{"href":"https:\/\/eternel.at\/index.php?rest_route=\/wp\/v2\/types\/product"}],"replies":[{"embeddable":true,"href":"https:\/\/eternel.at\/index.php?rest_route=%2Fwp%2Fv2%2Fcomments&post=510"}],"wp:featuredmedia":[{"embeddable":true,"href":"https:\/\/eternel.at\/index.php?rest_route=\/wp\/v2\/media\/511"}],"wp:attachment":[{"href":"https:\/\/eternel.at\/index.php?rest_route=%2Fwp%2Fv2%2Fmedia&parent=510"}],"wp:term":[{"taxonomy":"product_brand","embeddable":true,"href":"https:\/\/eternel.at\/index.php?rest_route=%2Fwp%2Fv2%2Fproduct_brand&post=510"},{"taxonomy":"product_cat","embeddable":true,"href":"https:\/\/eternel.at\/index.php?rest_route=%2Fwp%2Fv2%2Fproduct_cat&post=510"},{"taxonomy":"product_tag","embeddable":true,"href":"https:\/\/eternel.at\/index.php?rest_route=%2Fwp%2Fv2%2Fproduct_tag&post=510"}],"curies":[{"name":"wp","href":"https:\/\/api.w.org\/{rel}","templated":true}]}}