{"id":512,"date":"2025-12-16T12:59:54","date_gmt":"2025-12-16T11:59:54","guid":{"rendered":"https:\/\/eternel.at\/?post_type=product&#038;p=512"},"modified":"2026-05-06T23:35:59","modified_gmt":"2026-05-06T21:35:59","slug":"augenserum-rollon-rose-du-desert-10-ml","status":"publish","type":"product","link":"https:\/\/eternel.at\/?product=augenserum-rollon-rose-du-desert-10-ml","title":{"rendered":"Augenserum Rollon Kaktusfeigenkern\u00f6l \u201eRose du d\u00e9sert\u201c 10 ml"},"content":{"rendered":"<p data-start=\"630\" data-end=\"961\">Das Augenserum Roll-on <strong data-start=\"653\" data-end=\"673\">\u201eRose du d\u00e9sert\u201c<\/strong> ist eine hochwirksame Pflege aus reinem Kaktusfeigenkern\u00f6l \u2013 einem der wertvollsten und seltensten Pflanzen\u00f6le der Welt. Das \u00d6l wird durch schonende Kaltpressung aus den Kernen der Kaktusfeige gewonnen, wobei f\u00fcr einen Liter \u00d6l eine au\u00dfergew\u00f6hnlich gro\u00dfe Menge an Fr\u00fcchten ben\u00f6tigt wird.<\/p>\n<p data-start=\"963\" data-end=\"1291\">Dank seines hohen Gehalts an unges\u00e4ttigten Fetts\u00e4uren, Linols\u00e4ure und Vitamin E unterst\u00fctzt das Serum die Regeneration der Haut, wirkt gl\u00e4ttend und verfeinernd und verleiht der Haut ein frisches, ebenm\u00e4\u00dfiges Erscheinungsbild. Besonders die empfindliche Augenpartie profitiert von der intensiv pflegenden und straffenden Wirkung.<\/p>\n<p data-start=\"1293\" data-end=\"1489\">Im Gegensatz zu Kaktusfeigenmazeraten, die durch das Einlegen der Frucht in Tr\u00e4ger\u00f6le entstehen, handelt es sich hier um reines, kaltgepresstes Kaktusfeigenkern\u00f6l mit deutlich h\u00f6herer Wirksamkeit.<\/p>\n<p data-start=\"1491\" data-end=\"1782\">Der praktische Roll-on mit Metallkugel erm\u00f6glicht ein gezieltes Auftragen und sorgt gleichzeitig f\u00fcr einen angenehm k\u00fchlenden Effekt. Das Serum eignet sich zur Pflege von Augenringen, Pigmentflecken, Narben, Aknepusteln sowie Dehnungsstreifen und ist ideal f\u00fcr reife, trockene und m\u00fcde Haut.<\/p>\n<p data-start=\"1784\" data-end=\"1886\"><strong data-start=\"1784\" data-end=\"1798\">Anwendung:<\/strong><br data-start=\"1798\" data-end=\"1801\" \/>D\u00fcnn auf die gew\u00fcnschte Hautpartie auftragen und sanft verteilen. Vor Licht sch\u00fctzen.<\/p>\n<p data-start=\"1888\" data-end=\"2041\"><strong data-start=\"1888\" data-end=\"1906\">Eigenschaften:<\/strong><br data-start=\"1906\" data-end=\"1909\" \/>\u2013 vegan<br data-start=\"1916\" data-end=\"1919\" \/>\u2013 plastikfrei<br data-start=\"1932\" data-end=\"1935\" \/>\u2013 ohne synthetische Duft-, Zusatz- und Konservierungsstoffe<br data-start=\"1994\" data-end=\"1997\" \/>\u2013 ohne Erd\u00f6lderivate<br data-start=\"2017\" data-end=\"2020\" \/>\u2013 ohne Tierversuche<\/p>\n","protected":false},"excerpt":{"rendered":"<p>Das Augenserum Roll-on <em data-start=\"300\" data-end=\"316\">Rose du d\u00e9sert<\/em> besteht aus reinem Kaktusfeigenkern\u00f6l und wirkt intensiv gl\u00e4ttend, straffend und regenerierend. Die leichte Textur pflegt die empfindliche Augenpartie, mildert Augenringe und sorgt f\u00fcr einen frischen, ebenm\u00e4\u00dfigen Teint. Ideal f\u00fcr reife, trockene und m\u00fcde Haut.<\/p>\n","protected":false},"featured_media":513,"comment_status":"open","ping_status":"closed","template":"","meta":[],"product_brand":[],"product_cat":[99],"product_tag":[],"class_list":{"0":"post-512","1":"product","2":"type-product","3":"status-publish","4":"has-post-thumbnail","6":"product_cat-gesicht","8":"first","9":"instock","10":"taxable","11":"shipping-taxable","12":"purchasable","13":"product-type-simple"},"_links":{"self":[{"href":"https:\/\/eternel.at\/index.php?rest_route=\/wp\/v2\/product\/512","targetHints":{"allow":["GET"]}}],"collection":[{"href":"https:\/\/eternel.at\/index.php?rest_route=\/wp\/v2\/product"}],"about":[{"href":"https:\/\/eternel.at\/index.php?rest_route=\/wp\/v2\/types\/product"}],"replies":[{"embeddable":true,"href":"https:\/\/eternel.at\/index.php?rest_route=%2Fwp%2Fv2%2Fcomments&post=512"}],"wp:featuredmedia":[{"embeddable":true,"href":"https:\/\/eternel.at\/index.php?rest_route=\/wp\/v2\/media\/513"}],"wp:attachment":[{"href":"https:\/\/eternel.at\/index.php?rest_route=%2Fwp%2Fv2%2Fmedia&parent=512"}],"wp:term":[{"taxonomy":"product_brand","embeddable":true,"href":"https:\/\/eternel.at\/index.php?rest_route=%2Fwp%2Fv2%2Fproduct_brand&post=512"},{"taxonomy":"product_cat","embeddable":true,"href":"https:\/\/eternel.at\/index.php?rest_route=%2Fwp%2Fv2%2Fproduct_cat&post=512"},{"taxonomy":"product_tag","embeddable":true,"href":"https:\/\/eternel.at\/index.php?rest_route=%2Fwp%2Fv2%2Fproduct_tag&post=512"}],"curies":[{"name":"wp","href":"https:\/\/api.w.org\/{rel}","templated":true}]}}