{"id":514,"date":"2025-12-16T13:02:16","date_gmt":"2025-12-16T12:02:16","guid":{"rendered":"https:\/\/eternel.at\/?post_type=product&#038;p=514"},"modified":"2026-04-14T10:45:55","modified_gmt":"2026-04-14T08:45:55","slug":"gesichtscreme-fuer-trockene-haut-30ml","status":"publish","type":"product","link":"https:\/\/eternel.at\/?product=gesichtscreme-fuer-trockene-haut-30ml","title":{"rendered":"Gesichtscreme f\u00fcr trockene Haut 30ml"},"content":{"rendered":"<p data-start=\"673\" data-end=\"1002\">Die <strong data-start=\"677\" data-end=\"712\">Gesichtscreme f\u00fcr trockene Haut<\/strong> ist eine intensiv pflegende und regenerierende Creme f\u00fcr anspruchsvolle, trockene und strapazierte Haut. Hochwertige pflanzliche \u00d6le wie Argan\u00f6l, Kaktusfeigenkern\u00f6l, Jojoba\u00f6l und Aprikosenkern\u00f6l versorgen die Haut nachhaltig mit N\u00e4hrstoffen und unterst\u00fctzen ihre nat\u00fcrliche Schutzfunktion.<\/p>\n<p data-start=\"1004\" data-end=\"1283\">Reich an Antioxidantien und regenerierenden Inhaltsstoffen tr\u00e4gt die Creme dazu bei, die Hautstruktur zu verbessern und vor vorzeitiger Hautalterung zu sch\u00fctzen. Rosen\u00f6l wirkt stimulierend und st\u00e4rkend, w\u00e4hrend Rosenhydrolat Feuchtigkeit spendet, die Haut erfrischt und beruhigt.<\/p>\n<p data-start=\"1285\" data-end=\"1516\">Die cremige, n\u00e4hrende Textur eignet sich besonders f\u00fcr trockene, d\u00fcnner werdende und beanspruchte Haut. Sie sch\u00fctzt die Haut zuverl\u00e4ssig im Alltag, hinterl\u00e4sst ein gepflegtes Hautgef\u00fchl und bildet eine ideale Grundlage f\u00fcr Make-up.<\/p>\n<p data-start=\"1518\" data-end=\"1702\"><strong data-start=\"1518\" data-end=\"1532\">Anwendung:<\/strong><br data-start=\"1532\" data-end=\"1535\" \/>Morgens und abends nach der Reinigung und dem Verwenden des \u00e9ternel Rosenwassers sanft auf Gesicht, Hals und Dekollet\u00e9 auftragen. Auch die Ohrl\u00e4ppchen nicht vergessen.<\/p>\n","protected":false},"excerpt":{"rendered":"<p>Diese reichhaltige Gesichtscreme wurde speziell f\u00fcr trockene und anspruchsvolle Haut entwickelt. Wertvolle pflanzliche \u00d6le und antioxidative Inhaltsstoffe unterst\u00fctzen die Regeneration, st\u00e4rken die Hautbarriere und versorgen die Haut intensiv mit Feuchtigkeit. Ideal f\u00fcr trockene, strapazierte und d\u00fcnner werdende Haut \u2013 auch perfekt als Make-up-Grundlage.<\/p>\n","protected":false},"featured_media":517,"comment_status":"open","ping_status":"closed","template":"","meta":[],"product_brand":[],"product_cat":[99],"product_tag":[],"class_list":{"0":"post-514","1":"product","2":"type-product","3":"status-publish","4":"has-post-thumbnail","6":"product_cat-gesicht","8":"first","9":"instock","10":"taxable","11":"shipping-taxable","12":"purchasable","13":"product-type-simple"},"_links":{"self":[{"href":"https:\/\/eternel.at\/index.php?rest_route=\/wp\/v2\/product\/514","targetHints":{"allow":["GET"]}}],"collection":[{"href":"https:\/\/eternel.at\/index.php?rest_route=\/wp\/v2\/product"}],"about":[{"href":"https:\/\/eternel.at\/index.php?rest_route=\/wp\/v2\/types\/product"}],"replies":[{"embeddable":true,"href":"https:\/\/eternel.at\/index.php?rest_route=%2Fwp%2Fv2%2Fcomments&post=514"}],"wp:featuredmedia":[{"embeddable":true,"href":"https:\/\/eternel.at\/index.php?rest_route=\/wp\/v2\/media\/517"}],"wp:attachment":[{"href":"https:\/\/eternel.at\/index.php?rest_route=%2Fwp%2Fv2%2Fmedia&parent=514"}],"wp:term":[{"taxonomy":"product_brand","embeddable":true,"href":"https:\/\/eternel.at\/index.php?rest_route=%2Fwp%2Fv2%2Fproduct_brand&post=514"},{"taxonomy":"product_cat","embeddable":true,"href":"https:\/\/eternel.at\/index.php?rest_route=%2Fwp%2Fv2%2Fproduct_cat&post=514"},{"taxonomy":"product_tag","embeddable":true,"href":"https:\/\/eternel.at\/index.php?rest_route=%2Fwp%2Fv2%2Fproduct_tag&post=514"}],"curies":[{"name":"wp","href":"https:\/\/api.w.org\/{rel}","templated":true}]}}