{"id":520,"date":"2025-12-16T13:09:22","date_gmt":"2025-12-16T12:09:22","guid":{"rendered":"https:\/\/eternel.at\/?post_type=product&#038;p=520"},"modified":"2025-12-19T12:12:23","modified_gmt":"2025-12-19T11:12:23","slug":"bio-koerper-und-haaroel-huile-miracle-100ml","status":"publish","type":"product","link":"https:\/\/eternel.at\/?product=bio-koerper-und-haaroel-huile-miracle-100ml","title":{"rendered":"K\u00f6rper- und Haar\u00f6l \u201eHuile Miracle\u201c 100 ml"},"content":{"rendered":"<p data-start=\"677\" data-end=\"992\"><strong data-start=\"677\" data-end=\"696\">\u201eHuile Miracle\u201c<\/strong> ist ein luxuri\u00f6ses Trocken\u00f6l f\u00fcr Haut und Haare, das intensive Pflege mit einem sinnlichen Verw\u00f6hnmoment verbindet. Besonders reife oder trockene Haut profitiert von der n\u00e4hrenden, gl\u00e4ttenden Wirkung der erlesenen Pflanzen\u00f6le, w\u00e4hrend strapaziertes Haar regeneriert und gl\u00e4nzend gepflegt wird.<\/p>\n<p data-start=\"994\" data-end=\"1461\">Argan\u00f6l sch\u00fctzt die Haut vor Austrocknung und freien Radikalen und unterst\u00fctzt die nat\u00fcrliche Zellerneuerung. Kaktusfeigenkern\u00f6l, eines der wertvollsten \u00d6le der Welt, wirkt besonders restrukturierend auf sehr trockene, barrieregesch\u00e4digte Haut. Rosen\u00f6l beruhigt die Haut, pflegt intensiv und verleiht ein sanftes, geschmeidiges Hautgef\u00fchl. Die feine Bergamotte-Note sorgt f\u00fcr eine erfrischende, stimmungsaufhellende Wirkung, die an eine sanfte Sommerbrise erinnert.<\/p>\n<p data-start=\"1463\" data-end=\"1733\">Der praktische Trocken\u00f6l-Charakter sorgt daf\u00fcr, dass das \u00d6l schnell einzieht, keinen unangenehmen Film hinterl\u00e4sst und einen seidig-goldenen Schimmer auf Haut und Haaren hinterl\u00e4sst. Ideal f\u00fcr die t\u00e4gliche Pflege, nach dem Duschen, Baden oder als luxuri\u00f6ses Massage\u00f6l.<\/p>\n<p data-start=\"1735\" data-end=\"1856\"><strong data-start=\"1735\" data-end=\"1749\">Anwendung:<\/strong><br data-start=\"1749\" data-end=\"1752\" \/>Eine kleine Menge zwischen den Handfl\u00e4chen anw\u00e4rmen und sanft auf feuchter Haut oder Haaren verteilen.<\/p>\n<p data-start=\"1858\" data-end=\"2011\"><strong data-start=\"1858\" data-end=\"1876\">Eigenschaften:<\/strong><br data-start=\"1876\" data-end=\"1879\" \/>\u2013 vegan<br data-start=\"1886\" data-end=\"1889\" \/>\u2013 plastikfrei<br data-start=\"1902\" data-end=\"1905\" \/>\u2013 ohne synthetische Duft-, Zusatz- und Konservierungsstoffe<br data-start=\"1964\" data-end=\"1967\" \/>\u2013 ohne Erd\u00f6lderivate<br data-start=\"1987\" data-end=\"1990\" \/>\u2013 ohne Tierversuche<\/p>\n","protected":false},"excerpt":{"rendered":"<p>Das K\u00f6rper- und Haar\u00f6l <strong data-start=\"269\" data-end=\"288\">\u201eHuile Miracle\u201c<\/strong> 100\u202fml ist ein vielseitiges Trocken\u00f6l f\u00fcr Haut und Haare. Es pflegt intensiv, macht die Haut samtweich und elastisch, repariert trockene, strapazierte Haare und eignet sich perfekt als Massage\u00f6l. Hochwertige Pflanzen\u00f6le wie Argan-, Kaktusfeigenkern- und Rosen\u00f6l sch\u00fctzen, beruhigen und schenken ein geschmeidiges, strahlendes Hautbild.<\/p>\n","protected":false},"featured_media":521,"comment_status":"open","ping_status":"closed","template":"","meta":[],"product_brand":[],"product_cat":[101,99,39],"product_tag":[],"class_list":{"0":"post-520","1":"product","2":"type-product","3":"status-publish","4":"has-post-thumbnail","6":"product_cat-geschenkideen","7":"product_cat-gesicht","8":"product_cat-koerper","10":"first","11":"instock","12":"taxable","13":"shipping-taxable","14":"purchasable","15":"product-type-simple"},"_links":{"self":[{"href":"https:\/\/eternel.at\/index.php?rest_route=\/wp\/v2\/product\/520","targetHints":{"allow":["GET"]}}],"collection":[{"href":"https:\/\/eternel.at\/index.php?rest_route=\/wp\/v2\/product"}],"about":[{"href":"https:\/\/eternel.at\/index.php?rest_route=\/wp\/v2\/types\/product"}],"replies":[{"embeddable":true,"href":"https:\/\/eternel.at\/index.php?rest_route=%2Fwp%2Fv2%2Fcomments&post=520"}],"wp:featuredmedia":[{"embeddable":true,"href":"https:\/\/eternel.at\/index.php?rest_route=\/wp\/v2\/media\/521"}],"wp:attachment":[{"href":"https:\/\/eternel.at\/index.php?rest_route=%2Fwp%2Fv2%2Fmedia&parent=520"}],"wp:term":[{"taxonomy":"product_brand","embeddable":true,"href":"https:\/\/eternel.at\/index.php?rest_route=%2Fwp%2Fv2%2Fproduct_brand&post=520"},{"taxonomy":"product_cat","embeddable":true,"href":"https:\/\/eternel.at\/index.php?rest_route=%2Fwp%2Fv2%2Fproduct_cat&post=520"},{"taxonomy":"product_tag","embeddable":true,"href":"https:\/\/eternel.at\/index.php?rest_route=%2Fwp%2Fv2%2Fproduct_tag&post=520"}],"curies":[{"name":"wp","href":"https:\/\/api.w.org\/{rel}","templated":true}]}}