{"id":522,"date":"2025-12-16T13:11:35","date_gmt":"2025-12-16T12:11:35","guid":{"rendered":"https:\/\/eternel.at\/?post_type=product&#038;p=522"},"modified":"2026-05-06T23:35:13","modified_gmt":"2026-05-06T21:35:13","slug":"aloe-vera-gel-mit-monoi","status":"publish","type":"product","link":"https:\/\/eternel.at\/?product=aloe-vera-gel-mit-monoi","title":{"rendered":"Aloe Vera Gel mit Monoi"},"content":{"rendered":"<p data-start=\"629\" data-end=\"877\">Das <strong data-start=\"633\" data-end=\"670\">Aloe Vera Gel mit Monoi de Tahiti<\/strong> verbindet die k\u00fchlende, feuchtigkeitsspendende Wirkung von Aloe Vera mit der exotischen Pflege des Monoi-\u00d6ls. Es zieht schnell ein, beruhigt sensible Haut und schenkt ein samtiges, erfrischtes Hautgef\u00fchl.<\/p>\n<p data-start=\"879\" data-end=\"1206\">F\u00fcr die Haut ist es ideal als <strong data-start=\"909\" data-end=\"947\">After-Sun- oder After-Shave-Pflege<\/strong>, bei unreiner Haut, Pickeln oder Irritationen. Auch trockene, schuppige Kopfhaut profitiert von der pflegenden Wirkung: Das Gel kann direkt auf die Kopfhaut einmassiert oder als Haarmaske angewendet werden, um Trockenheit und Spannungsgef\u00fchl zu reduzieren.<\/p>\n<p data-start=\"1208\" data-end=\"1449\">Die leichte Textur eignet sich f\u00fcr alle Hauttypen und hinterl\u00e4sst keinen fettigen Film. Das Aloe Vera Gel verleiht der Haut und den Haaren ein frisches, gepflegtes Erscheinungsbild und einen Hauch tropischer Pflege dank des Monoi-Extrakts.<\/p>\n<p data-start=\"1451\" data-end=\"1467\"><strong data-start=\"1451\" data-end=\"1465\">Anwendung:<\/strong><\/p>\n<ul data-start=\"1468\" data-end=\"1664\">\n<li data-start=\"1468\" data-end=\"1531\">\n<p data-start=\"1470\" data-end=\"1531\"><em data-start=\"1470\" data-end=\"1477\">Haut:<\/em> Auf gereinigte Haut auftragen und einziehen lassen.<\/p>\n<\/li>\n<li data-start=\"1532\" data-end=\"1664\">\n<p data-start=\"1534\" data-end=\"1664\"><em data-start=\"1534\" data-end=\"1542\">Haare:<\/em> In die Kopfhaut einmassieren oder als Kur auf das gesamte Haar auftragen, einziehen lassen und anschlie\u00dfend auswaschen.<\/p>\n<\/li>\n<\/ul>\n<p data-start=\"1666\" data-end=\"1803\"><strong data-start=\"1666\" data-end=\"1684\">Eigenschaften:<\/strong><br data-start=\"1684\" data-end=\"1687\" \/>\u2013 vegan<br data-start=\"1694\" data-end=\"1697\" \/>\u2013 ohne synthetische Duft-, Zusatz- und Konservierungsstoffe<br data-start=\"1756\" data-end=\"1759\" \/>\u2013 ohne Erd\u00f6lderivate<br data-start=\"1779\" data-end=\"1782\" \/>\u2013 ohne Tierversuche<\/p>\n","protected":false},"excerpt":{"rendered":"<p>Das Aloe Vera Gel mit <strong data-start=\"281\" data-end=\"300\">Monoi de Tahiti<\/strong> ist ein vielseitiges Pflegegel f\u00fcr Gesicht, K\u00f6rper und Haare. Es spendet intensiv Feuchtigkeit, k\u00fchlt angenehm und beruhigt sensible oder trockene Haut. Ideal nach dem Sonnenbad, nach der Rasur oder zur Pflege von Kopfhaut und trockenen Haaren \u2013 f\u00fcr jeden Hauttyp geeignet.<\/p>\n","protected":false},"featured_media":523,"comment_status":"open","ping_status":"closed","template":"","meta":[],"product_brand":[],"product_cat":[99,39],"product_tag":[],"class_list":{"0":"post-522","1":"product","2":"type-product","3":"status-publish","4":"has-post-thumbnail","6":"product_cat-gesicht","7":"product_cat-koerper","9":"first","10":"instock","11":"taxable","12":"shipping-taxable","13":"purchasable","14":"product-type-simple"},"_links":{"self":[{"href":"https:\/\/eternel.at\/index.php?rest_route=\/wp\/v2\/product\/522","targetHints":{"allow":["GET"]}}],"collection":[{"href":"https:\/\/eternel.at\/index.php?rest_route=\/wp\/v2\/product"}],"about":[{"href":"https:\/\/eternel.at\/index.php?rest_route=\/wp\/v2\/types\/product"}],"replies":[{"embeddable":true,"href":"https:\/\/eternel.at\/index.php?rest_route=%2Fwp%2Fv2%2Fcomments&post=522"}],"wp:featuredmedia":[{"embeddable":true,"href":"https:\/\/eternel.at\/index.php?rest_route=\/wp\/v2\/media\/523"}],"wp:attachment":[{"href":"https:\/\/eternel.at\/index.php?rest_route=%2Fwp%2Fv2%2Fmedia&parent=522"}],"wp:term":[{"taxonomy":"product_brand","embeddable":true,"href":"https:\/\/eternel.at\/index.php?rest_route=%2Fwp%2Fv2%2Fproduct_brand&post=522"},{"taxonomy":"product_cat","embeddable":true,"href":"https:\/\/eternel.at\/index.php?rest_route=%2Fwp%2Fv2%2Fproduct_cat&post=522"},{"taxonomy":"product_tag","embeddable":true,"href":"https:\/\/eternel.at\/index.php?rest_route=%2Fwp%2Fv2%2Fproduct_tag&post=522"}],"curies":[{"name":"wp","href":"https:\/\/api.w.org\/{rel}","templated":true}]}}