{"id":527,"date":"2025-12-16T15:42:08","date_gmt":"2025-12-16T14:42:08","guid":{"rendered":"https:\/\/eternel.at\/?post_type=product&#038;p=527"},"modified":"2026-04-14T10:45:55","modified_gmt":"2026-04-14T08:45:55","slug":"bio-handbalsam-50-ml","status":"publish","type":"product","link":"https:\/\/eternel.at\/?product=bio-handbalsam-50-ml","title":{"rendered":"Handbalsam 50 ml"},"content":{"rendered":"<p data-start=\"479\" data-end=\"778\">Der <strong data-start=\"483\" data-end=\"503\">Handbalsam 50\u202fml<\/strong> von \u00e9ternel ist eine reichhaltige Pflege f\u00fcr trockene, beanspruchte Haut. Hochwertige Pflanzenbutter und \u00d6le wie Sheabutter, Kakaobutter, Argan- und Kaktusfeigenkern\u00f6l sowie Rosen\u00f6l pflegen intensiv, gl\u00e4tten die Haut und schenken ein samtweiches, geschmeidiges Hautgef\u00fchl.<\/p>\n<p data-start=\"780\" data-end=\"1044\">Der Balsam eignet sich perfekt f\u00fcr strapazierte H\u00e4nde, raue Ellbogen und trockene F\u00fc\u00dfe. Dank der sch\u00fctzenden, feuchtigkeitsspendenden Textur ist er besonders in der kalten Jahreszeit ideal, um die Haut vor Austrocknung und rauen Witterungseinfl\u00fcssen zu bewahren.<\/p>\n<p data-start=\"1046\" data-end=\"1205\">Die kompakte, handliche Verpackung macht die Anwendung unterwegs besonders komfortabel. Ein sanfter, nat\u00fcrlicher Duft rundet das luxuri\u00f6se Pflegeerlebnis ab.<\/p>\n<p data-start=\"1207\" data-end=\"1306\"><strong data-start=\"1207\" data-end=\"1221\">Anwendung:<\/strong><br data-start=\"1221\" data-end=\"1224\" \/>Mehrmals t\u00e4glich auf H\u00e4nde, Ellbogen oder F\u00fc\u00dfe auftragen und sanft einmassieren.<\/p>\n<p data-start=\"1308\" data-end=\"1461\"><strong data-start=\"1308\" data-end=\"1326\">Eigenschaften:<\/strong><br data-start=\"1326\" data-end=\"1329\" \/>\u2013 vegan<br data-start=\"1336\" data-end=\"1339\" \/>\u2013 plastikfrei<br data-start=\"1352\" data-end=\"1355\" \/>\u2013 ohne synthetische Duft-, Zusatz- und Konservierungsstoffe<br data-start=\"1414\" data-end=\"1417\" \/>\u2013 ohne Erd\u00f6lderivate<br data-start=\"1437\" data-end=\"1440\" \/>\u2013 ohne Tierversuche<\/p>\n","protected":false},"excerpt":{"rendered":"<p>Der Handbalsam <strong data-start=\"204\" data-end=\"213\">50\u202fml<\/strong> pflegt trockene und strapazierte H\u00e4nde intensiv, macht sie samtweich und geschmeidig. Auch f\u00fcr raue Ellbogen, trockene F\u00fc\u00dfe oder als K\u00e4lteschutz im Winter geeignet. Die praktische Gr\u00f6\u00dfe ist ideal f\u00fcr unterwegs.<\/p>\n","protected":false},"featured_media":528,"comment_status":"open","ping_status":"closed","template":"","meta":[],"product_brand":[],"product_cat":[101,39],"product_tag":[],"class_list":{"0":"post-527","1":"product","2":"type-product","3":"status-publish","4":"has-post-thumbnail","6":"product_cat-geschenkideen","7":"product_cat-koerper","9":"first","10":"instock","11":"taxable","12":"shipping-taxable","13":"purchasable","14":"product-type-simple"},"_links":{"self":[{"href":"https:\/\/eternel.at\/index.php?rest_route=\/wp\/v2\/product\/527","targetHints":{"allow":["GET"]}}],"collection":[{"href":"https:\/\/eternel.at\/index.php?rest_route=\/wp\/v2\/product"}],"about":[{"href":"https:\/\/eternel.at\/index.php?rest_route=\/wp\/v2\/types\/product"}],"replies":[{"embeddable":true,"href":"https:\/\/eternel.at\/index.php?rest_route=%2Fwp%2Fv2%2Fcomments&post=527"}],"wp:featuredmedia":[{"embeddable":true,"href":"https:\/\/eternel.at\/index.php?rest_route=\/wp\/v2\/media\/528"}],"wp:attachment":[{"href":"https:\/\/eternel.at\/index.php?rest_route=%2Fwp%2Fv2%2Fmedia&parent=527"}],"wp:term":[{"taxonomy":"product_brand","embeddable":true,"href":"https:\/\/eternel.at\/index.php?rest_route=%2Fwp%2Fv2%2Fproduct_brand&post=527"},{"taxonomy":"product_cat","embeddable":true,"href":"https:\/\/eternel.at\/index.php?rest_route=%2Fwp%2Fv2%2Fproduct_cat&post=527"},{"taxonomy":"product_tag","embeddable":true,"href":"https:\/\/eternel.at\/index.php?rest_route=%2Fwp%2Fv2%2Fproduct_tag&post=527"}],"curies":[{"name":"wp","href":"https:\/\/api.w.org\/{rel}","templated":true}]}}