{"id":532,"date":"2025-12-16T15:45:27","date_gmt":"2025-12-16T14:45:27","guid":{"rendered":"https:\/\/eternel.at\/?post_type=product&#038;p=532"},"modified":"2025-12-16T16:03:42","modified_gmt":"2025-12-16T15:03:42","slug":"deo-creme-50-g","status":"publish","type":"product","link":"https:\/\/eternel.at\/?product=deo-creme-50-g","title":{"rendered":"Deo-Creme 50 g"},"content":{"rendered":"<p data-start=\"607\" data-end=\"997\">Die <strong data-start=\"611\" data-end=\"629\">Deo-Creme 50\u202fg<\/strong> von \u00e9ternel ist eine nat\u00fcrliche Alternative zu herk\u00f6mmlichen Deodorants, die Ger\u00fcche zuverl\u00e4ssig neutralisiert und den K\u00f6rper den ganzen Tag \u00fcber frisch h\u00e4lt. Mit einer ausgewogenen Mischung aus Sheabutter, Kokos\u00f6l, Zinkoxid und hochwertigen \u00e4therischen \u00d6len wie Salbei, Pfefferminze und Rosmarin sorgt die Creme f\u00fcr langanhaltende Frische, ohne die Haut zu reizen.<\/p>\n<p data-start=\"999\" data-end=\"1277\">Salbei\u00f6l wirkt schwei\u00dfhemmend und antibakteriell, w\u00e4hrend Pfefferminz\u00f6l einen k\u00fchlenden Effekt hat \u2013 besonders an hei\u00dfen Tagen ein erfrischendes Erlebnis. Rosmarin\u00f6l sorgt f\u00fcr eine zus\u00e4tzliche erfrischende Wirkung und verleiht der Deo-Creme einen nat\u00fcrlichen, angenehmen Duft.<\/p>\n<p data-start=\"1279\" data-end=\"1498\">Die Deo-Creme ist besonders mild und eignet sich f\u00fcr alle Hauttypen. Sie ist frei von Aluminium, synthetischen Konservierungsstoffen, Alkohol und Paraffinen. Der Alu-Tiegel ist praktisch f\u00fcr unterwegs und plastikfrei.<\/p>\n<p data-start=\"1500\" data-end=\"1723\"><strong data-start=\"1500\" data-end=\"1514\">Anwendung:<\/strong><br data-start=\"1514\" data-end=\"1517\" \/>Eine kleine Menge entnehmen und auf der gereinigten Achselhaut sanft verteilen. F\u00fcr hei\u00dfe Tage empfiehlt es sich, die Creme im K\u00fchlschrank zu lagern, damit sie auch bei W\u00e4rme ihre feste Konsistenz beh\u00e4lt.<\/p>\n<p data-start=\"1725\" data-end=\"1900\"><strong data-start=\"1725\" data-end=\"1743\">Eigenschaften:<\/strong><br data-start=\"1743\" data-end=\"1746\" \/>\u2013 vegan<br data-start=\"1753\" data-end=\"1756\" \/>\u2013 plastikfrei<br data-start=\"1769\" data-end=\"1772\" \/>\u2013 ohne Aluminium<br data-start=\"1788\" data-end=\"1791\" \/>\u2013 ohne synthetische Duft- und Konservierungsstoffe<br data-start=\"1841\" data-end=\"1844\" \/>\u2013 ohne Alkohol<br data-start=\"1858\" data-end=\"1861\" \/>\u2013 ohne Paraffine<br data-start=\"1877\" data-end=\"1880\" \/>\u2013 Tierversuchsfrei<\/p>\n","protected":false},"excerpt":{"rendered":"<p>Die <strong data-start=\"225\" data-end=\"243\">Deo-Creme 50\u202fg<\/strong> neutralisiert Ger\u00fcche, sch\u00fctzt mit nat\u00fcrlichen Inhaltsstoffen wie Salbei-, Pfefferminz- und Rosmarin\u00f6l und hinterl\u00e4sst eine erfrischende, k\u00fchlende Wirkung. Frei von Aluminium, Alkohol und synthetischen Zus\u00e4tzen, sorgt sie f\u00fcr langanhaltende Frische \u2013 vegan und in einem praktischen, plastikfreien Alu-Tiegel.<\/p>\n","protected":false},"featured_media":533,"comment_status":"open","ping_status":"closed","template":"","meta":[],"product_brand":[],"product_cat":[101,39],"product_tag":[],"class_list":{"0":"post-532","1":"product","2":"type-product","3":"status-publish","4":"has-post-thumbnail","6":"product_cat-geschenkideen","7":"product_cat-koerper","9":"first","10":"instock","11":"taxable","12":"shipping-taxable","13":"purchasable","14":"product-type-simple"},"_links":{"self":[{"href":"https:\/\/eternel.at\/index.php?rest_route=\/wp\/v2\/product\/532","targetHints":{"allow":["GET"]}}],"collection":[{"href":"https:\/\/eternel.at\/index.php?rest_route=\/wp\/v2\/product"}],"about":[{"href":"https:\/\/eternel.at\/index.php?rest_route=\/wp\/v2\/types\/product"}],"replies":[{"embeddable":true,"href":"https:\/\/eternel.at\/index.php?rest_route=%2Fwp%2Fv2%2Fcomments&post=532"}],"wp:featuredmedia":[{"embeddable":true,"href":"https:\/\/eternel.at\/index.php?rest_route=\/wp\/v2\/media\/533"}],"wp:attachment":[{"href":"https:\/\/eternel.at\/index.php?rest_route=%2Fwp%2Fv2%2Fmedia&parent=532"}],"wp:term":[{"taxonomy":"product_brand","embeddable":true,"href":"https:\/\/eternel.at\/index.php?rest_route=%2Fwp%2Fv2%2Fproduct_brand&post=532"},{"taxonomy":"product_cat","embeddable":true,"href":"https:\/\/eternel.at\/index.php?rest_route=%2Fwp%2Fv2%2Fproduct_cat&post=532"},{"taxonomy":"product_tag","embeddable":true,"href":"https:\/\/eternel.at\/index.php?rest_route=%2Fwp%2Fv2%2Fproduct_tag&post=532"}],"curies":[{"name":"wp","href":"https:\/\/api.w.org\/{rel}","templated":true}]}}