{"id":538,"date":"2025-12-16T15:50:17","date_gmt":"2025-12-16T14:50:17","guid":{"rendered":"https:\/\/eternel.at\/?post_type=product&#038;p=538"},"modified":"2025-12-16T15:50:17","modified_gmt":"2025-12-16T14:50:17","slug":"rosenwasser-100-ml","status":"publish","type":"product","link":"https:\/\/eternel.at\/?product=rosenwasser-100-ml","title":{"rendered":"Rosenwasser 100\u202fml"},"content":{"rendered":"<p data-start=\"1486\" data-end=\"1747\">Das <strong data-start=\"1490\" data-end=\"1517\">Rosenwasser von \u00e9ternel<\/strong> wird durch schonende Destillation der Damascena-Rose gewonnen und ist ein wahrer Allesk\u00f6nner f\u00fcr die Hautpflege. Es erfrischt, spendet Feuchtigkeit und beruhigt empfindliche Haut, w\u00e4hrend es R\u00f6tungen und Irritationen reduziert.<\/p>\n<p data-start=\"1749\" data-end=\"2016\">Die adstringierende Wirkung hilft, die Poren zu verfeinern und verleiht ein ebenm\u00e4\u00dfiges Hautbild. Gleichzeitig unterst\u00fctzt es die nat\u00fcrliche Hautbarriere und beugt fr\u00fchzeitiger Hautalterung vor. Das nat\u00fcrliche Aroma der Rose sorgt f\u00fcr ein luxuri\u00f6ses Pflegeerlebnis.<\/p>\n<p data-start=\"2018\" data-end=\"2034\"><strong data-start=\"2018\" data-end=\"2032\">Anwendung:<\/strong><\/p>\n<ul data-start=\"2035\" data-end=\"2224\">\n<li data-start=\"2035\" data-end=\"2104\">\n<p data-start=\"2037\" data-end=\"2104\">Als Tonikum: Auf ein Wattepad spr\u00fchen und die Haut sanft reinigen<\/p>\n<\/li>\n<li data-start=\"2105\" data-end=\"2224\">\n<p data-start=\"2107\" data-end=\"2224\">Als Gesichtsmaske: Mit Rhassoulpulver und Argan\u00f6l mischen, 5\u201310\u202fMinuten einwirken lassen, dann gr\u00fcndlich auswaschen<\/p>\n<\/li>\n<\/ul>\n<p data-start=\"2226\" data-end=\"2257\"><strong data-start=\"2226\" data-end=\"2255\">Eigenschaften &amp; Vorteile:<\/strong><\/p>\n<ul data-start=\"2258\" data-end=\"2437\">\n<li data-start=\"2258\" data-end=\"2289\">\n<p data-start=\"2260\" data-end=\"2289\">Beruhigt und kl\u00e4rt die Haut<\/p>\n<\/li>\n<li data-start=\"2290\" data-end=\"2331\">\n<p data-start=\"2292\" data-end=\"2331\">Spendet Feuchtigkeit und pflegt sanft<\/p>\n<\/li>\n<li data-start=\"2332\" data-end=\"2378\">\n<p data-start=\"2334\" data-end=\"2378\">Unterst\u00fctzt nat\u00fcrliche Hautalterungsschutz<\/p>\n<\/li>\n<li data-start=\"2379\" data-end=\"2405\">\n<p data-start=\"2381\" data-end=\"2405\">Vegan, 100\u202f% nat\u00fcrlich<\/p>\n<\/li>\n<li data-start=\"2406\" data-end=\"2437\">\n<p data-start=\"2408\" data-end=\"2437\">Geeignet f\u00fcr alle Hauttypen<\/p>\n<\/li>\n<\/ul>\n","protected":false},"excerpt":{"rendered":"<p>Das <strong data-start=\"2178\" data-end=\"2200\">Rosenwasser 100\u202fml<\/strong> erfrischt, beruhigt und spendet Feuchtigkeit. Ideal als Tonikum, Make-up-Entferner oder als pflegende Maske \u2013 f\u00fcr einen nat\u00fcrlichen, ausgeglichenen Teint.<\/p>\n","protected":false},"featured_media":539,"comment_status":"open","ping_status":"closed","template":"","meta":[],"product_brand":[],"product_cat":[101,99],"product_tag":[],"class_list":{"0":"post-538","1":"product","2":"type-product","3":"status-publish","4":"has-post-thumbnail","6":"product_cat-geschenkideen","7":"product_cat-gesicht","9":"first","10":"instock","11":"taxable","12":"shipping-taxable","13":"purchasable","14":"product-type-simple"},"_links":{"self":[{"href":"https:\/\/eternel.at\/index.php?rest_route=\/wp\/v2\/product\/538","targetHints":{"allow":["GET"]}}],"collection":[{"href":"https:\/\/eternel.at\/index.php?rest_route=\/wp\/v2\/product"}],"about":[{"href":"https:\/\/eternel.at\/index.php?rest_route=\/wp\/v2\/types\/product"}],"replies":[{"embeddable":true,"href":"https:\/\/eternel.at\/index.php?rest_route=%2Fwp%2Fv2%2Fcomments&post=538"}],"wp:featuredmedia":[{"embeddable":true,"href":"https:\/\/eternel.at\/index.php?rest_route=\/wp\/v2\/media\/539"}],"wp:attachment":[{"href":"https:\/\/eternel.at\/index.php?rest_route=%2Fwp%2Fv2%2Fmedia&parent=538"}],"wp:term":[{"taxonomy":"product_brand","embeddable":true,"href":"https:\/\/eternel.at\/index.php?rest_route=%2Fwp%2Fv2%2Fproduct_brand&post=538"},{"taxonomy":"product_cat","embeddable":true,"href":"https:\/\/eternel.at\/index.php?rest_route=%2Fwp%2Fv2%2Fproduct_cat&post=538"},{"taxonomy":"product_tag","embeddable":true,"href":"https:\/\/eternel.at\/index.php?rest_route=%2Fwp%2Fv2%2Fproduct_tag&post=538"}],"curies":[{"name":"wp","href":"https:\/\/api.w.org\/{rel}","templated":true}]}}