{"id":540,"date":"2025-12-16T15:51:28","date_gmt":"2025-12-16T14:51:28","guid":{"rendered":"https:\/\/eternel.at\/?post_type=product&#038;p=540"},"modified":"2025-12-16T16:01:22","modified_gmt":"2025-12-16T15:01:22","slug":"arganoel-50-ml","status":"publish","type":"product","link":"https:\/\/eternel.at\/?product=arganoel-50-ml","title":{"rendered":"Argan\u00f6l 50\u202fml"},"content":{"rendered":"<p data-start=\"2501\" data-end=\"2785\">Das <strong data-start=\"2505\" data-end=\"2528\">Argan\u00f6l von \u00e9ternel<\/strong> ist reich an unges\u00e4ttigten Fetts\u00e4uren und Vitamin\u202fE, wirkt feuchtigkeitsspendend und unterst\u00fctzt die Zellerneuerung der Haut. Es st\u00e4rkt die Elastizit\u00e4t, macht trockene Haut geschmeidig und f\u00f6rdert die Regeneration von spr\u00f6dem Haar sowie br\u00fcchigen N\u00e4geln.<\/p>\n<p data-start=\"2787\" data-end=\"3014\">Dank seiner vielseitigen Anwendung kann es als Gesichts\u00f6l, K\u00f6rper\u00f6l, Haarpflege oder sogar als sanftes Abschmink\u00f6l verwendet werden. Es zieht schnell ein, hinterl\u00e4sst keinen Fettfilm und schenkt ein seidig-weiches Hautgef\u00fchl.<\/p>\n<p data-start=\"3016\" data-end=\"3032\"><strong data-start=\"3016\" data-end=\"3030\">Anwendung:<\/strong><\/p>\n<ul data-start=\"3033\" data-end=\"3215\">\n<li data-start=\"3033\" data-end=\"3083\">\n<p data-start=\"3035\" data-end=\"3083\">Gesicht: Nach der Reinigung sanft einmassieren<\/p>\n<\/li>\n<li data-start=\"3084\" data-end=\"3140\">\n<p data-start=\"3086\" data-end=\"3140\">K\u00f6rper: Auf feuchter Haut nach dem Duschen auftragen<\/p>\n<\/li>\n<li data-start=\"3141\" data-end=\"3215\">\n<p data-start=\"3143\" data-end=\"3215\">Haare: In feuchtes Haar einmassieren, einwirken lassen, ggf. aussp\u00fclen<\/p>\n<\/li>\n<\/ul>\n<p data-start=\"3217\" data-end=\"3248\"><strong data-start=\"3217\" data-end=\"3246\">Eigenschaften &amp; Vorteile:<\/strong><\/p>\n<ul data-start=\"3249\" data-end=\"3422\">\n<li data-start=\"3249\" data-end=\"3284\">\n<p data-start=\"3251\" data-end=\"3284\">Pflegt intensiv und regeneriert<\/p>\n<\/li>\n<li data-start=\"3285\" data-end=\"3336\">\n<p data-start=\"3287\" data-end=\"3336\">Vielseitig einsetzbar f\u00fcr Haut, Haare und N\u00e4gel<\/p>\n<\/li>\n<li data-start=\"3337\" data-end=\"3394\">\n<p data-start=\"3339\" data-end=\"3394\">Unterst\u00fctzt nat\u00fcrliche Elastizit\u00e4t und Zellerneuerung<\/p>\n<\/li>\n<li data-start=\"3395\" data-end=\"3422\">\n<p data-start=\"3397\" data-end=\"3422\">Vegan, tierversuchsfrei<\/p>\n<\/li>\n<\/ul>\n","protected":false},"excerpt":{"rendered":"<p>Das <strong data-start=\"2877\" data-end=\"2894\">Argan\u00f6l 50\u202fml<\/strong> pflegt Haut, Haare und N\u00e4gel intensiv, spendet Feuchtigkeit, unterst\u00fctzt die Zellerneuerung und verleiht Elastizit\u00e4t \u2013 f\u00fcr gesund aussehende Haut und gl\u00e4nzendes Haar.<\/p>\n","protected":false},"featured_media":541,"comment_status":"open","ping_status":"closed","template":"","meta":[],"product_brand":[],"product_cat":[101,99,39],"product_tag":[],"class_list":{"0":"post-540","1":"product","2":"type-product","3":"status-publish","4":"has-post-thumbnail","6":"product_cat-geschenkideen","7":"product_cat-gesicht","8":"product_cat-koerper","10":"first","11":"instock","12":"taxable","13":"shipping-taxable","14":"purchasable","15":"product-type-simple"},"_links":{"self":[{"href":"https:\/\/eternel.at\/index.php?rest_route=\/wp\/v2\/product\/540","targetHints":{"allow":["GET"]}}],"collection":[{"href":"https:\/\/eternel.at\/index.php?rest_route=\/wp\/v2\/product"}],"about":[{"href":"https:\/\/eternel.at\/index.php?rest_route=\/wp\/v2\/types\/product"}],"replies":[{"embeddable":true,"href":"https:\/\/eternel.at\/index.php?rest_route=%2Fwp%2Fv2%2Fcomments&post=540"}],"wp:featuredmedia":[{"embeddable":true,"href":"https:\/\/eternel.at\/index.php?rest_route=\/wp\/v2\/media\/541"}],"wp:attachment":[{"href":"https:\/\/eternel.at\/index.php?rest_route=%2Fwp%2Fv2%2Fmedia&parent=540"}],"wp:term":[{"taxonomy":"product_brand","embeddable":true,"href":"https:\/\/eternel.at\/index.php?rest_route=%2Fwp%2Fv2%2Fproduct_brand&post=540"},{"taxonomy":"product_cat","embeddable":true,"href":"https:\/\/eternel.at\/index.php?rest_route=%2Fwp%2Fv2%2Fproduct_cat&post=540"},{"taxonomy":"product_tag","embeddable":true,"href":"https:\/\/eternel.at\/index.php?rest_route=%2Fwp%2Fv2%2Fproduct_tag&post=540"}],"curies":[{"name":"wp","href":"https:\/\/api.w.org\/{rel}","templated":true}]}}