{"id":542,"date":"2025-12-16T15:52:39","date_gmt":"2025-12-16T14:52:39","guid":{"rendered":"https:\/\/eternel.at\/?post_type=product&#038;p=542"},"modified":"2026-05-06T23:35:38","modified_gmt":"2026-05-06T21:35:38","slug":"aromakerze-silence","status":"publish","type":"product","link":"https:\/\/eternel.at\/?product=aromakerze-silence","title":{"rendered":"Aromakerze \u201eSilence\u201c"},"content":{"rendered":"<p data-start=\"3493\" data-end=\"3698\">Die <strong data-start=\"3497\" data-end=\"3533\">Aromakerze \u201eSilence\u201c von \u00e9ternel<\/strong> ist eine vegane Kerze f\u00fcr zuhause, die durch ihre Duftkomposition Ruhe und Entspannung schenkt. Perfekt f\u00fcr Momente der inneren Einkehr oder w\u00e4hrend Stressphasen.<\/p>\n<p data-start=\"3700\" data-end=\"3808\">Die Kerze besteht aus Sojawachs, ist 100\u202f% biologisch abbaubar und mit reinen \u00e4therischen \u00d6len parf\u00fcmiert:<\/p>\n<ul data-start=\"3809\" data-end=\"3903\">\n<li data-start=\"3809\" data-end=\"3842\">\n<p data-start=\"3811\" data-end=\"3842\">Kopfnote: Bergamotte &amp; Orange<\/p>\n<\/li>\n<li data-start=\"3843\" data-end=\"3880\">\n<p data-start=\"3845\" data-end=\"3880\">Herznote: Lavendel &amp; Rosengeranie<\/p>\n<\/li>\n<li data-start=\"3881\" data-end=\"3903\">\n<p data-start=\"3883\" data-end=\"3903\">Basisnote: Vanille<\/p>\n<\/li>\n<\/ul>\n<p data-start=\"3905\" data-end=\"3936\"><strong data-start=\"3905\" data-end=\"3934\">Eigenschaften &amp; Vorteile:<\/strong><\/p>\n<ul data-start=\"3937\" data-end=\"4155\">\n<li data-start=\"3937\" data-end=\"3982\">\n<p data-start=\"3939\" data-end=\"3982\">Unterst\u00fctzt Aromatherapie und Entspannung<\/p>\n<\/li>\n<li data-start=\"3983\" data-end=\"4038\">\n<p data-start=\"3985\" data-end=\"4038\">Keine chemischen Zus\u00e4tze oder k\u00fcnstliche Duftstoffe<\/p>\n<\/li>\n<li data-start=\"4039\" data-end=\"4075\">\n<p data-start=\"4041\" data-end=\"4075\">Einfaches Entfernen des Etiketts<\/p>\n<\/li>\n<li data-start=\"4076\" data-end=\"4107\">\n<p data-start=\"4078\" data-end=\"4107\">Handgefertigt in \u00d6sterreich<\/p>\n<\/li>\n<li data-start=\"4108\" data-end=\"4155\">\n<p data-start=\"4110\" data-end=\"4155\">Vegan, umweltfreundlich, sicher f\u00fcr Zuhause<\/p>\n<\/li>\n<\/ul>\n","protected":false},"excerpt":{"rendered":"<p>Die <strong data-start=\"3626\" data-end=\"3650\">Aromakerze \u201eSilence\u201c<\/strong> schenkt entspannende Momente zuhause: Bergamotte &amp; Orange, Lavendel &amp; Rosengeranie, Vanille \u2013 100\u202f% nat\u00fcrliche Inhaltsstoffe, vegan und handgemacht.<\/p>\n","protected":false},"featured_media":543,"comment_status":"open","ping_status":"closed","template":"","meta":[],"product_brand":[],"product_cat":[101],"product_tag":[],"class_list":{"0":"post-542","1":"product","2":"type-product","3":"status-publish","4":"has-post-thumbnail","6":"product_cat-geschenkideen","8":"first","9":"instock","10":"taxable","11":"shipping-taxable","12":"purchasable","13":"product-type-simple"},"_links":{"self":[{"href":"https:\/\/eternel.at\/index.php?rest_route=\/wp\/v2\/product\/542","targetHints":{"allow":["GET"]}}],"collection":[{"href":"https:\/\/eternel.at\/index.php?rest_route=\/wp\/v2\/product"}],"about":[{"href":"https:\/\/eternel.at\/index.php?rest_route=\/wp\/v2\/types\/product"}],"replies":[{"embeddable":true,"href":"https:\/\/eternel.at\/index.php?rest_route=%2Fwp%2Fv2%2Fcomments&post=542"}],"wp:featuredmedia":[{"embeddable":true,"href":"https:\/\/eternel.at\/index.php?rest_route=\/wp\/v2\/media\/543"}],"wp:attachment":[{"href":"https:\/\/eternel.at\/index.php?rest_route=%2Fwp%2Fv2%2Fmedia&parent=542"}],"wp:term":[{"taxonomy":"product_brand","embeddable":true,"href":"https:\/\/eternel.at\/index.php?rest_route=%2Fwp%2Fv2%2Fproduct_brand&post=542"},{"taxonomy":"product_cat","embeddable":true,"href":"https:\/\/eternel.at\/index.php?rest_route=%2Fwp%2Fv2%2Fproduct_cat&post=542"},{"taxonomy":"product_tag","embeddable":true,"href":"https:\/\/eternel.at\/index.php?rest_route=%2Fwp%2Fv2%2Fproduct_tag&post=542"}],"curies":[{"name":"wp","href":"https:\/\/api.w.org\/{rel}","templated":true}]}}